{"id":11116,"date":"2023-10-11T13:35:21","date_gmt":"2023-10-11T12:35:21","guid":{"rendered":"https:\/\/elearning.nasla.cm\/index.php\/decentralisation\/"},"modified":"2023-10-11T13:35:21","modified_gmt":"2023-10-11T12:35:21","slug":"decentralisation","status":"publish","type":"page","link":"https:\/\/elearning.nasla.cm\/index.php\/decentralisation\/","title":{"rendered":"DECENTRALISATION"},"content":{"rendered":"\t    <div id=\"timeNag\" >\n\t\t    <div class=\"watupro-exam-description\" id=\"description-quiz-2\"><p><strong>Ce test vise \u00e0 consolider les connaissances th\u00e9oriques des stagiaires au cours de d\u00e9centralisation et d\u00e9veloppement local.\u00a0<\/strong><\/p>\n<\/div><span id=\"timeNagText\">This quiz must be completed in 3 minutes.<\/span> <a href=\"#\" onclick=\"WatuPRO.InitializeTimer(180, 2, 1);return false;\">Click here to start the quiz<\/a>\t\t   \n\t    <\/div>\n\t    <div id=\"timerDiv\" style=\"display:none;\"> 180<\/div>\n<script type=\"text\/javascript\" >\ndocument.addEventListener(\"DOMContentLoaded\", function(event) { \nif(!window.jQuery) alert(\"The important jQuery library is not properly loaded in your site. Your WordPress theme is probably missing the essential wp_head() call. You can switch to another theme and you will see that the plugin works fine and this notice disappears. If you are still not sure what to do you can contact us for help.\");\n});\n<\/script>  \n  \n<div style=\"display:none;\" id=\"watupro_quiz\" class=\"quiz-area single-page-quiz\">\n<p id=\"submittingExam2\" style=\"display:none;text-align:center;\"><img decoding=\"async\" src=\"https:\/\/elearning.nasla.cm\/wp-content\/plugins\/watupro\/img\/loading.gif\" width=\"16\" height=\"16\"><\/p>\n\n<div class=\"watupro-exam-description\" id=\"description-quiz-2\"><p><strong>Ce test vise \u00e0 consolider les connaissances th\u00e9oriques des stagiaires au cours de d\u00e9centralisation et d\u00e9veloppement local.\u00a0<\/strong><\/p>\n<\/div>\n\n<form action=\"\" method=\"post\" class=\"quiz-form\" id=\"quiz-2\"  enctype=\"multipart\/form-data\" >\n<div style='display:none' id='question-1'>\n\t<div class='question-content'>\n\t\t<img decoding=\"async\" src=\"https:\/\/elearning.nasla.cm\/wp-content\/plugins\/watupro\/img\/loading.gif\" width=\"16\" height=\"16\" alt=\"Loading...\" title=\"Loading...\" \/>&nbsp;Loading...\t<\/div>\n<\/div>\n\n<br \/>\n\t\n\t\t\t<div class=\"watupro_buttons flex \" id=\"watuPROButtons2\" >\n\t\t  <div id=\"prev-question\" style=\"display:none;\"><input type=\"button\" value=\"&lt; Previous\" onclick=\"WatuPRO.nextQuestion(event, 'previous');\"\/><\/div>\t\t  \t\t  \t\t   \n\t\t   \t  \t\t<div><input type=\"button\" name=\"action\" class=\"watupro-submit-button\" onclick=\"WatuPRO.submitResult(event)\" id=\"action-button\" value=\"View Results\"  \/>\n\t\t<\/div>\n\t\t<\/div>\n\t\t\n\t<input type=\"hidden\" name=\"quiz_id\" value=\"2\" id=\"watuPROExamID\"\/>\n\t<input type=\"hidden\" name=\"start_time\" id=\"startTime\" value=\"2026-04-30 11:59:05\" \/>\n\t<input type=\"hidden\" name=\"start_timestamp\" id=\"startTimeStamp\" value=\"1777550345\" \/>\n\t<input type=\"hidden\" name=\"question_ids\" value=\"\" \/>\n\t<input type=\"hidden\" name=\"watupro_questions\" value=\"7:17,18 | 4:11,12 | 5:13,14 | 8:19,20 | 3:9,10 | 9:21,22 | 6:15,16\" \/>\n\t<input type=\"hidden\" name=\"no_ajax\" value=\"0\">\t\t\t<\/form>\n\t<p>&nbsp;<\/p>\n<\/div>\n\n<form method=\"post\" id=\"watuproTimerForm2\">\n\t<!-- watupro-hidden-fields -->\n\t<input type=\"hidden\" name=\"watupro_start_timer\" value=\"0\">\n\t<input type=\"hidden\" name=\"watupro_taker_email\" value=\"\">\n\t<input type=\"hidden\" name=\"watupro_taker_name\" value=\"\">\n\t<input type=\"hidden\" name=\"watupro_taker_phone\" value=\"\">\n\t<input type=\"hidden\" name=\"watupro_taker_company\" value=\"\">\n\t<input type=\"hidden\" name=\"watupro_taker_field1\" value=\"\">\n\t<input type=\"hidden\" name=\"watupro_taker_field2\" value=\"\">\n\t<input type=\"hidden\" name=\"watupro_taker_checkbox\" value=\"1\">\n\t<input type=\"hidden\" name=\"watupro_diff_level\" value=\"\">\n<\/form>\n<script type=\"text\/javascript\">\n\/\/jQuery(document).ready(function(){\ndocument.addEventListener(\"DOMContentLoaded\", function(event) { \t\nvar question_ids = \"\";\nWatuPROSettings[2] = {};\nWatuPRO.qArr = question_ids.split(',');\nWatuPRO.exam_id = 2;\t    \nWatuPRO.post_id = 11116;\nWatuPRO.store_progress = 0;\nWatuPRO.curCatPage = 1;\nWatuPRO.requiredIDs=\"0,7,4,5,8,9,6\".split(\",\");\nWatuPRO.hAppID = \"0.08205000 1777546745\";\nvar url = \"https:\/\/elearning.nasla.cm\/wp-content\/plugins\/watupro\/show_exam.php\";\nWatuPRO.examMode = 1;\nWatuPRO.siteURL=\"https:\/\/elearning.nasla.cm\/wp-admin\/admin-ajax.php\";\nWatuPRO.emailIsNotRequired = 0;\nWatuPRO.perDecade = 10;\nWatuPROIntel.init(2);\nWatuPRO.inCategoryPages=1;WatuPRO.secs=0;\nWatuPRO.timerID = null;\nWatuPRO.timerRunning = false;\t\t\nWatuPRO.TimerTurnsRed = 30;\nWatuPRO.fullTimeLimit = 180;\nWatuPRO.currentTime = 1777550345;\n});    \t \n<\/script>\n\n","protected":false},"excerpt":{"rendered":"","protected":false},"author":1,"featured_media":0,"parent":0,"menu_order":0,"comment_status":"closed","ping_status":"closed","template":"","meta":{"_acf_changed":false,"footnotes":""},"class_list":["post-11116","page","type-page","status-publish","hentry"],"acf":[],"_links":{"self":[{"href":"https:\/\/elearning.nasla.cm\/index.php\/wp-json\/wp\/v2\/pages\/11116","targetHints":{"allow":["GET"]}}],"collection":[{"href":"https:\/\/elearning.nasla.cm\/index.php\/wp-json\/wp\/v2\/pages"}],"about":[{"href":"https:\/\/elearning.nasla.cm\/index.php\/wp-json\/wp\/v2\/types\/page"}],"author":[{"embeddable":true,"href":"https:\/\/elearning.nasla.cm\/index.php\/wp-json\/wp\/v2\/users\/1"}],"replies":[{"embeddable":true,"href":"https:\/\/elearning.nasla.cm\/index.php\/wp-json\/wp\/v2\/comments?post=11116"}],"version-history":[{"count":0,"href":"https:\/\/elearning.nasla.cm\/index.php\/wp-json\/wp\/v2\/pages\/11116\/revisions"}],"wp:attachment":[{"href":"https:\/\/elearning.nasla.cm\/index.php\/wp-json\/wp\/v2\/media?parent=11116"}],"curies":[{"name":"wp","href":"https:\/\/api.w.org\/{rel}","templated":true}]}}