{"id":12323,"date":"2024-09-19T11:12:23","date_gmt":"2024-09-19T10:12:23","guid":{"rendered":"https:\/\/elearning.nasla.cm\/?page_id=12323"},"modified":"2024-09-19T11:23:09","modified_gmt":"2024-09-19T10:23:09","slug":"evaluation-atelier-kribi","status":"publish","type":"page","link":"https:\/\/elearning.nasla.cm\/index.php\/evaluation-atelier-kribi\/","title":{"rendered":"Evaluation Atelier de lancement de l&rsquo;accompagnement Kribi"},"content":{"rendered":"\t\t<div data-elementor-type=\"wp-page\" data-elementor-id=\"12323\" class=\"elementor elementor-12323\">\n\t\t\t\t\t\t<section class=\"elementor-section elementor-top-section elementor-element elementor-element-f340e44 elementor-section-boxed elementor-section-height-default elementor-section-height-default\" data-id=\"f340e44\" data-element_type=\"section\" data-e-type=\"section\">\n\t\t\t\t\t\t<div class=\"elementor-container elementor-column-gap-default\">\n\t\t\t\t\t<div class=\"elementor-column elementor-col-25 elementor-top-column elementor-element elementor-element-b9f257c\" data-id=\"b9f257c\" data-element_type=\"column\" data-e-type=\"column\">\n\t\t\t<div class=\"elementor-widget-wrap\">\n\t\t\t\t\t\t\t<\/div>\n\t\t<\/div>\n\t\t\t\t<div class=\"elementor-column elementor-col-50 elementor-top-column elementor-element elementor-element-7b01010\" data-id=\"7b01010\" data-element_type=\"column\" data-e-type=\"column\">\n\t\t\t<div class=\"elementor-widget-wrap elementor-element-populated\">\n\t\t\t\t\t\t<div class=\"elementor-element elementor-element-ca5f6ef elementor-widget elementor-widget-image\" data-id=\"ca5f6ef\" data-element_type=\"widget\" data-e-type=\"widget\" data-widget_type=\"image.default\">\n\t\t\t\t<div class=\"elementor-widget-container\">\n\t\t\t\t\t\t\t\t\t\t\t\t<figure class=\"wp-caption\">\n\t\t\t\t\t\t\t\t\t\t<img fetchpriority=\"high\" decoding=\"async\" width=\"300\" height=\"281\" src=\"https:\/\/elearning.nasla.cm\/wp-content\/uploads\/2024\/09\/logoCUK-300x281.png\" class=\"attachment-medium size-medium wp-image-12326\" alt=\"\" srcset=\"https:\/\/elearning.nasla.cm\/wp-content\/uploads\/2024\/09\/logoCUK-300x281.png 300w, https:\/\/elearning.nasla.cm\/wp-content\/uploads\/2024\/09\/logoCUK-124x116.png 124w, https:\/\/elearning.nasla.cm\/wp-content\/uploads\/2024\/09\/logoCUK.png 512w\" sizes=\"(max-width: 300px) 85vw, 300px\" \/>\t\t\t\t\t\t\t\t\t\t\t<figcaption class=\"widget-image-caption wp-caption-text\"><\/figcaption>\n\t\t\t\t\t\t\t\t\t\t<\/figure>\n\t\t\t\t\t\t\t\t\t<\/div>\n\t\t\t\t<\/div>\n\t\t\t\t\t<\/div>\n\t\t<\/div>\n\t\t\t\t<div class=\"elementor-column elementor-col-25 elementor-top-column elementor-element elementor-element-9b3f9c6\" data-id=\"9b3f9c6\" data-element_type=\"column\" data-e-type=\"column\">\n\t\t\t<div class=\"elementor-widget-wrap\">\n\t\t\t\t\t\t\t<\/div>\n\t\t<\/div>\n\t\t\t\t\t<\/div>\n\t\t<\/section>\n\t\t\t\t<section class=\"elementor-section elementor-top-section elementor-element elementor-element-3b354592 elementor-section-boxed elementor-section-height-default elementor-section-height-default\" data-id=\"3b354592\" data-element_type=\"section\" data-e-type=\"section\">\n\t\t\t\t\t\t<div class=\"elementor-container elementor-column-gap-default\">\n\t\t\t\t\t<div class=\"elementor-column elementor-col-100 elementor-top-column elementor-element elementor-element-38b44d45\" data-id=\"38b44d45\" data-element_type=\"column\" data-e-type=\"column\">\n\t\t\t<div class=\"elementor-widget-wrap elementor-element-populated\">\n\t\t\t\t\t\t<div class=\"elementor-element elementor-element-306df2a9 elementor-widget elementor-widget-text-editor\" data-id=\"306df2a9\" data-element_type=\"widget\" data-e-type=\"widget\" data-widget_type=\"text-editor.default\">\n\t\t\t\t<div class=\"elementor-widget-container\">\n\t\t\t\t\t\t\t\t\t<p><span style=\"color: var( --e-global-color-text ); font-weight: var( --e-global-typography-text-font-weight );\"><form  class=\"kaliforms-form-container bootstrap-wrapper rounded-borders \" data-form-id=\"12322\" style=\"opacity:0\"><h3>Auto\u00e9valuation de l&rsquo;Atelier BP\/CUK<\/h3><div id=\"kaliforms-global-error-message-12322\" class=\"global-error-message\"><\/div><div class=\"row kali-form-field-row\"><div class=\"col-12 col-md-6 \"><label  for=\"date-of\">Date <span class=\"kali-required-mark\">*<\/span><\/label><input data-internal-id=\"date6\" type=\"date\" id=\"date-of\" name=\"date\"required  class=\"input\"><\/div><\/div><div class=\"row kali-form-field-row\"><div class=\"col-12 col-md-12 \"><label  for=\"textbox30\">NOM &#038; PRENOM <span class=\"kali-required-mark\">*<\/span><\/label><input  data-internal-id=\"textbox30\" type=\"text\" id=\"textbox30\" name=\"textbox30\" data-properties.type=\"text\" required ><\/div><\/div><div class=\"row kali-form-field-row\"><div class=\"col-12 col-md-12 \"><label  for=\"email\">Poste de responsabilit\u00e9 \/ fonction \/ Emploi <span class=\"kali-required-mark\">*<\/span><\/label><input  data-internal-id=\"textbox2\" type=\"text\" id=\"email\" name=\"email\" data-properties.type=\"text\" required ><\/div><\/div><div class=\"row kali-form-field-row\"><div class=\"col-12 col-md-12 \"><label  for=\"position\">Ce que j&rsquo;ai compris du Budget Programme (Pr\u00e9paration, Elaboration, Ex\u00e9cution, Suivi, Evaluation) <span class=\"kali-required-mark\">*<\/span><\/label><input  data-internal-id=\"textbox7\" type=\"text\" id=\"position\" name=\"position\" data-properties.type=\"text\" required ><\/div><\/div><div class=\"row kali-form-field-row\"><div class=\"col-12 col-md-12 \"><label  for=\"textbox35\">Ce que j&rsquo;ai compris du logiciel Sim_ba <span class=\"kali-required-mark\">*<\/span><\/label><input  data-internal-id=\"textbox35\" type=\"text\" id=\"textbox35\" name=\"textbox35\" data-properties.type=\"text\" required ><\/div><\/div><div class=\"row kali-form-field-row\"><div class=\"col-12 col-md-12 \"><label  for=\"textbox13\">Ce que j&rsquo;ai compris des objectifs <span class=\"kali-required-mark\">*<\/span><\/label><input  data-internal-id=\"textbox13\" type=\"text\" id=\"textbox13\" name=\"textbox13\" data-properties.type=\"text\" required ><\/div><\/div><div class=\"row kali-form-field-row\"><div class=\"col-12 col-md-12 \"><label  for=\"textbox14\">Ce que j&rsquo;ai compris des \u00e9tapes <span class=\"kali-required-mark\">*<\/span><\/label><input  data-internal-id=\"textbox14\" type=\"text\" id=\"textbox14\" name=\"textbox14\" data-properties.type=\"text\" required ><\/div><\/div><div class=\"row kali-form-field-row\"><div class=\"col-12 col-md-12 \"><label  for=\"textbox15\">Ce que j&rsquo;ai compris des outils <span class=\"kali-required-mark\">*<\/span><\/label><input  data-internal-id=\"textbox15\" type=\"text\" id=\"textbox15\" name=\"textbox15\" data-properties.type=\"text\" required ><\/div><\/div><div class=\"row kali-form-field-row\"><div class=\"col-12 col-md-12 \"><label  for=\"textbox16\">Ce que j&rsquo;ai compris des acteurs <span class=\"kali-required-mark\">*<\/span><\/label><input  data-internal-id=\"textbox16\" type=\"text\" id=\"textbox16\" name=\"textbox16\" data-properties.type=\"text\" required ><\/div><\/div><div class=\"row kali-form-field-row\"><div class=\"col-12 col-md-12 \"><label  for=\"textbox17\">Ce que j&rsquo;ai compris des enjeux et d\u00e9fis <span class=\"kali-required-mark\">*<\/span><\/label><input  data-internal-id=\"textbox17\" type=\"text\" id=\"textbox17\" name=\"textbox17\" data-properties.type=\"text\" required ><\/div><\/div><div class=\"row kali-form-field-row\"><div class=\"col-12 col-md-12 \"><label  for=\"textbox29\">Que me faut il pour aller plus loin dans l&rsquo;appropriation du Budget Programme <span class=\"kali-required-mark\">*<\/span><\/label><input  data-internal-id=\"textbox29\" type=\"text\" id=\"textbox29\" name=\"textbox29\" data-properties.type=\"text\" required ><\/div><\/div><div class=\"row kali-form-field-row\"><div class=\"col-12 col-md-12 \"><span  data-internal-id=\"freetext19\" type=\"freeText\" id=\"Evaluation du s\u00e9minaire: Votre satisfaction\" name=\"freeText\"><\/span><\/div><\/div><div class=\"row kali-form-field-row\"><div class=\"col-12 col-md-12 \"><label  for=\"dropdown21\">de la prestation des formateurs <span class=\"kali-required-mark\">*<\/span><\/label><select  data-internal-id=\"dropdown21\" type=\"dropdown\" id=\"dropdown21\" name=\"dropdown\"required  class=\"input\"><option value=\"1\" >J&rsquo;ai aim\u00e9<\/option><option value=\"0\" >Je n&rsquo;ai pas aim\u00e9<\/option><\/select><\/div><\/div><div class=\"row kali-form-field-row\"><div class=\"col-12 col-md-12 \"><label  for=\"textboxa04\">Ce que j&rsquo;ai aim\u00e9 \/ Ce que je n&rsquo;ai pas aim\u00e9 <span class=\"kali-required-mark\">*<\/span><\/label><input  data-internal-id=\"textbox20\" type=\"text\" id=\"textboxa04\" name=\"textbox20\" data-properties.type=\"text\" required ><\/div><\/div><div class=\"row kali-form-field-row\"><div class=\"col-12 col-md-12 \"><label  for=\"textbox28\">Ce qu&rsquo;il faut am\u00e9liorer <span class=\"kali-required-mark\">*<\/span><\/label><input  data-internal-id=\"textbox28\" type=\"text\" id=\"textbox28\" name=\"textbox28\" data-properties.type=\"text\" required ><\/div><\/div><div class=\"row kali-form-field-row\"><div class=\"col-12 col-md-12 \"><label  for=\"dropdown22\">Des contenus des enseignements <span class=\"kali-required-mark\">*<\/span><\/label><select  data-internal-id=\"dropdown22\" type=\"dropdown\" id=\"dropdown22\" name=\"dropdown22\"required  class=\"input\"><option value=\"1\" >J&rsquo;ai aim\u00e9<\/option><option value=\"0\" >Je n&rsquo;ai pas aim\u00e9<\/option><\/select><\/div><\/div><div class=\"row kali-form-field-row\"><div class=\"col-12 col-md-12 \"><label  for=\"textbox23\">Ce que j&rsquo;ai aim\u00e9 \/ Ce que je n&rsquo;ai pas aim\u00e9 <span class=\"kali-required-mark\">*<\/span><\/label><input  data-internal-id=\"textbox23\" type=\"text\" id=\"textbox23\" name=\"textbox23\" data-properties.type=\"text\" required ><\/div><\/div><div class=\"row kali-form-field-row\"><div class=\"col-12 col-md-12 \"><label  for=\"textbox27\">Ce qu&rsquo;il faut am\u00e9liorer <span class=\"kali-required-mark\">*<\/span><\/label><input  data-internal-id=\"textbox27\" type=\"text\" id=\"textbox27\" name=\"textbox27\" data-properties.type=\"text\" required ><\/div><\/div><div class=\"row kali-form-field-row\"><div class=\"col-12 col-md-12 \"><label  for=\"dropdown31\">De l&rsquo;organisation mat\u00e9rielle <span class=\"kali-required-mark\">*<\/span><\/label><select  data-internal-id=\"dropdown31\" type=\"dropdown\" id=\"dropdown31\" name=\"dropdown31\"required  class=\"input\"><option value=\"1\" >J&rsquo;ai aim\u00e9<\/option><option value=\"0\" >Je n&rsquo;ai pas aim\u00e9<\/option><\/select><\/div><\/div><div class=\"row kali-form-field-row\"><div class=\"col-12 col-md-12 \"><label  for=\"textbox25\">Ce que j&rsquo;ai aim\u00e9 \/ Ce que je n&rsquo;ai pas aim\u00e9 <span class=\"kali-required-mark\">*<\/span><\/label><input  data-internal-id=\"textbox25\" type=\"text\" id=\"textbox25\" name=\"textbox25\" data-properties.type=\"text\" required ><\/div><\/div><div class=\"row kali-form-field-row\"><div class=\"col-12 col-md-12 \"><label  for=\"textbox26\">Ce qu&rsquo;il faut am\u00e9liorer <span class=\"kali-required-mark\">*<\/span><\/label><input  data-internal-id=\"textbox26\" type=\"text\" id=\"textbox26\" name=\"textbox26\" data-properties.type=\"text\" required ><\/div><\/div><div class=\"row kali-form-field-row\"><div class=\"col-12 col-md-12 \"><label  for=\"dropdown24\">De l&rsquo;organisation P\u00e9dagogique du s\u00e9minaire <span class=\"kali-required-mark\">*<\/span><\/label><select  data-internal-id=\"dropdown24\" type=\"dropdown\" id=\"dropdown24\" name=\"dropdown24\"required  class=\"input\"><option value=\"1\" >J&rsquo;ai aim\u00e9<\/option><option value=\"0\" >Je n&rsquo;ai pas aim\u00e9<\/option><\/select><\/div><\/div><div class=\"row kali-form-field-row\"><div class=\"col-12 col-md-12 \"><label  for=\"textbox32\">Ce que j&rsquo;ai aim\u00e9 \/ Ce que je n&rsquo;ai pas aim\u00e9 <span class=\"kali-required-mark\">*<\/span><\/label><input  data-internal-id=\"textbox32\" type=\"text\" id=\"textbox32\" name=\"textbox32\" data-properties.type=\"text\" required ><\/div><\/div><div class=\"row kali-form-field-row\"><div class=\"col-12 col-md-12 \"><label  for=\"textbox33\">Ce qu&rsquo;il faut am\u00e9liorer <span class=\"kali-required-mark\">*<\/span><\/label><input  data-internal-id=\"textbox33\" type=\"text\" id=\"textbox33\" name=\"textbox33\" data-properties.type=\"text\" required ><\/div><\/div><div class=\"row kali-form-field-row\"><div class=\"col-12 col-md-12 \"><label  for=\"dropdown34\">Votre d\u00e9gr\u00e9 g\u00e9n\u00e9ral de satisfaction <span class=\"kali-required-mark\">*<\/span><\/label><select  data-internal-id=\"dropdown34\" type=\"dropdown\" id=\"dropdown34\" name=\"dropdown34\"required  class=\"input\"><option value=\"0\" >Satisfait en partie<\/option><option value=\"4\" >Tr\u00e8s Satisfait<\/option><option value=\"3\" >Satisfait<\/option><option value=\"2\" >Pas Satisfait<\/option><option value=\"1\" >D\u00e9\u00e7u<\/option><option value=\"5\" >RAS<\/option><\/select><\/div><\/div><div class=\"row kali-form-field-row\"><div class=\"col-12 col-md-12 \"><input  data-internal-id=\"submitbutton12\" type=\"submit\" id=\"submit\" data-style=\"default\"  class=\"input\" value=\"submit \/ envoyer\" ><\/div><\/div><!-- This form was built using Kali Forms --><\/form><\/span><\/p>\t\t\t\t\t\t\t\t<\/div>\n\t\t\t\t<\/div>\n\t\t\t\t\t<\/div>\n\t\t<\/div>\n\t\t\t\t\t<\/div>\n\t\t<\/section>\n\t\t\t\t<\/div>\n\t\t","protected":false},"excerpt":{"rendered":"","protected":false},"author":1,"featured_media":0,"parent":0,"menu_order":0,"comment_status":"closed","ping_status":"closed","template":"","meta":{"_acf_changed":false,"footnotes":""},"class_list":["post-12323","page","type-page","status-publish","hentry"],"acf":[],"_links":{"self":[{"href":"https:\/\/elearning.nasla.cm\/index.php\/wp-json\/wp\/v2\/pages\/12323","targetHints":{"allow":["GET"]}}],"collection":[{"href":"https:\/\/elearning.nasla.cm\/index.php\/wp-json\/wp\/v2\/pages"}],"about":[{"href":"https:\/\/elearning.nasla.cm\/index.php\/wp-json\/wp\/v2\/types\/page"}],"author":[{"embeddable":true,"href":"https:\/\/elearning.nasla.cm\/index.php\/wp-json\/wp\/v2\/users\/1"}],"replies":[{"embeddable":true,"href":"https:\/\/elearning.nasla.cm\/index.php\/wp-json\/wp\/v2\/comments?post=12323"}],"version-history":[{"count":8,"href":"https:\/\/elearning.nasla.cm\/index.php\/wp-json\/wp\/v2\/pages\/12323\/revisions"}],"predecessor-version":[{"id":12336,"href":"https:\/\/elearning.nasla.cm\/index.php\/wp-json\/wp\/v2\/pages\/12323\/revisions\/12336"}],"wp:attachment":[{"href":"https:\/\/elearning.nasla.cm\/index.php\/wp-json\/wp\/v2\/media?parent=12323"}],"curies":[{"name":"wp","href":"https:\/\/api.w.org\/{rel}","templated":true}]}}