{"id":14100,"date":"2025-07-20T14:06:29","date_gmt":"2025-07-20T13:06:29","guid":{"rendered":"https:\/\/elearning.nasla.cm\/?page_id=14100"},"modified":"2026-01-16T12:29:04","modified_gmt":"2026-01-16T11:29:04","slug":"formations-continues","status":"publish","type":"page","link":"https:\/\/elearning.nasla.cm\/index.php\/formations-continues\/","title":{"rendered":"Formations Continues"},"content":{"rendered":"\t\t<div data-elementor-type=\"wp-page\" data-elementor-id=\"14100\" class=\"elementor elementor-14100\">\n\t\t\t\t\t\t<section class=\"elementor-section elementor-top-section elementor-element elementor-element-5d277d0 elementor-section-boxed elementor-section-height-default elementor-section-height-default\" data-id=\"5d277d0\" data-element_type=\"section\" data-e-type=\"section\">\n\t\t\t\t\t\t<div class=\"elementor-container elementor-column-gap-default\">\n\t\t\t\t\t<div class=\"elementor-column elementor-col-16 elementor-top-column elementor-element elementor-element-ae854b2\" data-id=\"ae854b2\" data-element_type=\"column\" data-e-type=\"column\">\n\t\t\t<div class=\"elementor-widget-wrap elementor-element-populated\">\n\t\t\t\t\t\t<div class=\"elementor-element elementor-element-2a22b02 elementor-widget elementor-widget-image\" data-id=\"2a22b02\" data-element_type=\"widget\" data-e-type=\"widget\" data-widget_type=\"image.default\">\n\t\t\t\t<div class=\"elementor-widget-container\">\n\t\t\t\t\t\t\t\t\t\t\t\t\t\t\t<img decoding=\"async\" width=\"150\" height=\"150\" src=\"https:\/\/elearning.nasla.cm\/wp-content\/uploads\/2025\/07\/WhatsApp-Image-2025-07-24-at-11.22.14-150x150.jpeg\" class=\"attachment-thumbnail size-thumbnail wp-image-14135\" alt=\"\" \/>\t\t\t\t\t\t\t\t\t\t\t\t\t\t\t<\/div>\n\t\t\t\t<\/div>\n\t\t\t\t\t<\/div>\n\t\t<\/div>\n\t\t\t\t<div class=\"elementor-column elementor-col-66 elementor-top-column elementor-element elementor-element-6a76fcd\" data-id=\"6a76fcd\" data-element_type=\"column\" data-e-type=\"column\">\n\t\t\t<div class=\"elementor-widget-wrap elementor-element-populated\">\n\t\t\t\t\t\t<div class=\"elementor-element elementor-element-2ad7af3 elementor-widget elementor-widget-text-editor\" data-id=\"2ad7af3\" data-element_type=\"widget\" data-e-type=\"widget\" data-widget_type=\"text-editor.default\">\n\t\t\t\t<div class=\"elementor-widget-container\">\n\t\t\t\t\t\t\t\t\t<p><strong>La NASLA \u00e9volue : une nouvelle g\u00e9n\u00e9ration de certifications pour renforcer les comp\u00e9tences et valoriser les carri\u00e8res.<br \/><br \/><\/strong>Apr\u00e8s cinq ann\u00e9es d\u2019existence et quatre vagues de formations continues, la NASLA engage une r\u00e9forme majeure de ses programmes afin de r\u00e9pondre plus efficacement aux attentes des Collectivit\u00e9s Territoriales D\u00e9centralis\u00e9es et des professionnels du d\u00e9veloppement local.<strong><br \/><\/strong><\/p>\t\t\t\t\t\t\t\t<\/div>\n\t\t\t\t<\/div>\n\t\t\t\t\t<\/div>\n\t\t<\/div>\n\t\t\t\t<div class=\"elementor-column elementor-col-16 elementor-top-column elementor-element elementor-element-b3cebf4\" data-id=\"b3cebf4\" data-element_type=\"column\" data-e-type=\"column\">\n\t\t\t<div class=\"elementor-widget-wrap elementor-element-populated\">\n\t\t\t\t\t\t<div class=\"elementor-element elementor-element-a4d2b45 elementor-widget elementor-widget-image\" data-id=\"a4d2b45\" data-element_type=\"widget\" data-e-type=\"widget\" data-widget_type=\"image.default\">\n\t\t\t\t<div class=\"elementor-widget-container\">\n\t\t\t\t\t\t\t\t\t\t\t\t\t\t\t<img decoding=\"async\" width=\"150\" height=\"150\" src=\"https:\/\/elearning.nasla.cm\/wp-content\/uploads\/2025\/07\/WhatsApp-Image-2025-07-24-at-11.22.15-150x150.jpeg\" class=\"attachment-thumbnail size-thumbnail wp-image-14136\" alt=\"\" srcset=\"https:\/\/elearning.nasla.cm\/wp-content\/uploads\/2025\/07\/WhatsApp-Image-2025-07-24-at-11.22.15-150x150.jpeg 150w, https:\/\/elearning.nasla.cm\/wp-content\/uploads\/2025\/07\/WhatsApp-Image-2025-07-24-at-11.22.15-300x300.jpeg 300w, https:\/\/elearning.nasla.cm\/wp-content\/uploads\/2025\/07\/WhatsApp-Image-2025-07-24-at-11.22.15-1024x1024.jpeg 1024w, https:\/\/elearning.nasla.cm\/wp-content\/uploads\/2025\/07\/WhatsApp-Image-2025-07-24-at-11.22.15-768x768.jpeg 768w, https:\/\/elearning.nasla.cm\/wp-content\/uploads\/2025\/07\/WhatsApp-Image-2025-07-24-at-11.22.15-12x12.jpeg 12w, https:\/\/elearning.nasla.cm\/wp-content\/uploads\/2025\/07\/WhatsApp-Image-2025-07-24-at-11.22.15-116x116.jpeg 116w, https:\/\/elearning.nasla.cm\/wp-content\/uploads\/2025\/07\/WhatsApp-Image-2025-07-24-at-11.22.15.jpeg 1080w\" sizes=\"(max-width: 150px) 85vw, 150px\" \/>\t\t\t\t\t\t\t\t\t\t\t\t\t\t\t<\/div>\n\t\t\t\t<\/div>\n\t\t\t\t\t<\/div>\n\t\t<\/div>\n\t\t\t\t\t<\/div>\n\t\t<\/section>\n\t\t\t\t<section class=\"elementor-section elementor-top-section elementor-element elementor-element-ea1d307 elementor-section-boxed elementor-section-height-default elementor-section-height-default\" data-id=\"ea1d307\" data-element_type=\"section\" data-e-type=\"section\">\n\t\t\t\t\t\t<div class=\"elementor-container elementor-column-gap-default\">\n\t\t\t\t\t<div class=\"elementor-column elementor-col-100 elementor-top-column elementor-element elementor-element-06e252c\" data-id=\"06e252c\" data-element_type=\"column\" data-e-type=\"column\">\n\t\t\t<div class=\"elementor-widget-wrap elementor-element-populated\">\n\t\t\t\t\t\t<div class=\"elementor-element elementor-element-c74f578 elementor-widget__width-initial elementor-widget elementor-widget-text-editor\" data-id=\"c74f578\" data-element_type=\"widget\" data-e-type=\"widget\" data-widget_type=\"text-editor.default\">\n\t\t\t\t<div class=\"elementor-widget-container\">\n\t\t\t\t\t\t\t\t\t<p>Dans un contexte o\u00f9 les enjeux de performance, de transparence et de reconnaissance professionnelle sont devenus essentiels, la NASLA introduit d\u00e9sormais un syst\u00e8me modernis\u00e9 de <strong>double certification<\/strong> :<\/p><ul><li><strong> Level 1 : Basics<\/strong><strong><br \/>\u2022 Level 2 : Advanced<\/strong><\/li><\/ul><p>Cette nouvelle architecture permet aux apprenants d\u2019acqu\u00e9rir et d\u2019approfondir, \u00e0 chaque \u00e9tape, des comp\u00e9tences clairement identifi\u00e9es, align\u00e9es sur les r\u00e9f\u00e9rentiels nationaux, et directement valorisables dans l\u2019\u00e9volution de leur carri\u00e8re. <br \/>Les formations sont ainsi plus flexibles, plus pointues avec des activit\u00e9s pratiques en situation professionnelles \u00e0 hauteur 65% sur tout le cursus.<br \/>Le certificat <strong>Basics<\/strong> \u00a0+ le certificat <strong>Advanced<\/strong> donnent droit \u00e0 un certificat global qui \u00e9quivaut d\u00e9sormais \u00e0 <strong>une ann\u00e9e compl\u00e8te de formation reconnue au niveau national<\/strong>, offrant ainsi aux agents et professionnels des garanties tangibles de prise en compte.<\/p><p><strong>7 parcours m\u00e9tiers<\/strong> sont ouverts pour le compte du niveau Basics\u00a0\u00a0<br \/>Le niveau <strong>Advanced<\/strong>, quant \u00e0 lui, sera accessible \u00e0 tous ceux qui disposent d\u00e9j\u00e0 d\u2019une certification Basics ou un certificat issu des pr\u00e9c\u00e9dentes formations continues de la NASLA.<\/p>\t\t\t\t\t\t\t\t<\/div>\n\t\t\t\t<\/div>\n\t\t\t\t\t<\/div>\n\t\t<\/div>\n\t\t\t\t\t<\/div>\n\t\t<\/section>\n\t\t\t\t<section class=\"elementor-section elementor-top-section elementor-element elementor-element-76e9b60 elementor-section-boxed elementor-section-height-default elementor-section-height-default\" data-id=\"76e9b60\" data-element_type=\"section\" data-e-type=\"section\">\n\t\t\t\t\t\t<div class=\"elementor-container elementor-column-gap-default\">\n\t\t\t\t\t<div class=\"elementor-column elementor-col-33 elementor-top-column elementor-element elementor-element-570ca2e\" data-id=\"570ca2e\" data-element_type=\"column\" data-e-type=\"column\">\n\t\t\t<div class=\"elementor-widget-wrap elementor-element-populated\">\n\t\t\t\t\t\t<div class=\"elementor-element elementor-element-84d653d elementor-widget elementor-widget-text-editor\" data-id=\"84d653d\" data-element_type=\"widget\" data-e-type=\"widget\" data-widget_type=\"text-editor.default\">\n\t\t\t\t<div class=\"elementor-widget-container\">\n\t\t\t\t\t\t\t\t\t<p>Avec cette r\u00e9forme, la NASLA r\u00e9affirme son engagement : offrir des programmes cr\u00e9dibles, modernes, reconnus, et surtout parfaitement adapt\u00e9s aux d\u00e9fis actuels des Collectivit\u00e9s.<\/p><p><strong>Rejoignez la nouvelle g\u00e9n\u00e9ration de professionnels certifi\u00e9s NASLA.<\/strong><strong><br \/>Pour plus d\u2019informations : <\/strong><a href=\"http:\/\/www.nasla.cm\"><strong>www.nasla.cm<\/strong><\/a><strong>, Facebook, X (Twitter) \u00a0\u00a0\u00a0\u00a0\u00a0\u00a0\u00a0\u00a0\u00a0\u00a0\u00a0\u00a0\u00a0\u00a0\u00a0\u00a0\u00a0\u00a0\u00a0\u00a0\u00a0\u00a0\u00a0\u00a0\u00a0\u00a0\u00a0\u00a0\u00a0\u00a0\u00a0\u00a0\u00a0\u00a0\u00a0\u00a0ou WhatsApp au 650 19 47 74 \/ 694 12 53 37.<\/strong><\/p>\t\t\t\t\t\t\t\t<\/div>\n\t\t\t\t<\/div>\n\t\t\t\t\t<\/div>\n\t\t<\/div>\n\t\t\t\t<div class=\"elementor-column elementor-col-33 elementor-top-column elementor-element elementor-element-9baf1b0\" data-id=\"9baf1b0\" data-element_type=\"column\" data-e-type=\"column\">\n\t\t\t<div class=\"elementor-widget-wrap elementor-element-populated\">\n\t\t\t\t\t\t<div class=\"elementor-element elementor-element-2cfa32c elementor-align-center elementor-widget elementor-widget-button\" data-id=\"2cfa32c\" data-element_type=\"widget\" data-e-type=\"widget\" data-widget_type=\"button.default\">\n\t\t\t\t<div class=\"elementor-widget-container\">\n\t\t\t\t\t\t\t\t\t<div class=\"elementor-button-wrapper\">\n\t\t\t\t\t<a class=\"elementor-button elementor-button-link elementor-size-sm\" href=\"https:\/\/web.nasla.cm\/index.php\/appel-a-candidatures-call-for-applications\/\">\n\t\t\t\t\t\t<span class=\"elementor-button-content-wrapper\">\n\t\t\t\t\t\t\t\t\t<span class=\"elementor-button-text\">Je suis interess\u00e9(e) \/ I m Interested<\/span>\n\t\t\t\t\t<\/span>\n\t\t\t\t\t<\/a>\n\t\t\t\t<\/div>\n\t\t\t\t\t\t\t\t<\/div>\n\t\t\t\t<\/div>\n\t\t\t\t\t<\/div>\n\t\t<\/div>\n\t\t\t\t<div class=\"elementor-column elementor-col-33 elementor-top-column elementor-element elementor-element-996bd8b\" data-id=\"996bd8b\" data-element_type=\"column\" data-e-type=\"column\">\n\t\t\t<div class=\"elementor-widget-wrap elementor-element-populated\">\n\t\t\t\t\t\t<div class=\"elementor-element elementor-element-ca791fd elementor-widget elementor-widget-image\" data-id=\"ca791fd\" data-element_type=\"widget\" data-e-type=\"widget\" data-widget_type=\"image.default\">\n\t\t\t\t<div class=\"elementor-widget-container\">\n\t\t\t\t\t\t\t\t\t\t\t\t\t\t\t<img fetchpriority=\"high\" decoding=\"async\" width=\"640\" height=\"960\" src=\"https:\/\/elearning.nasla.cm\/wp-content\/uploads\/2026\/01\/WhatsApp-Image-2026-01-09-at-12.49.17-683x1024.jpeg\" class=\"attachment-large size-large wp-image-14761\" alt=\"\" srcset=\"https:\/\/elearning.nasla.cm\/wp-content\/uploads\/2026\/01\/WhatsApp-Image-2026-01-09-at-12.49.17-683x1024.jpeg 683w, https:\/\/elearning.nasla.cm\/wp-content\/uploads\/2026\/01\/WhatsApp-Image-2026-01-09-at-12.49.17-200x300.jpeg 200w, https:\/\/elearning.nasla.cm\/wp-content\/uploads\/2026\/01\/WhatsApp-Image-2026-01-09-at-12.49.17-768x1152.jpeg 768w, https:\/\/elearning.nasla.cm\/wp-content\/uploads\/2026\/01\/WhatsApp-Image-2026-01-09-at-12.49.17-8x12.jpeg 8w, https:\/\/elearning.nasla.cm\/wp-content\/uploads\/2026\/01\/WhatsApp-Image-2026-01-09-at-12.49.17-77x116.jpeg 77w, https:\/\/elearning.nasla.cm\/wp-content\/uploads\/2026\/01\/WhatsApp-Image-2026-01-09-at-12.49.17.jpeg 1024w\" sizes=\"(max-width: 640px) 85vw, 640px\" \/>\t\t\t\t\t\t\t\t\t\t\t\t\t\t\t<\/div>\n\t\t\t\t<\/div>\n\t\t\t\t\t<\/div>\n\t\t<\/div>\n\t\t\t\t\t<\/div>\n\t\t<\/section>\n\t\t\t\t<\/div>\n\t\t","protected":false},"excerpt":{"rendered":"<p>La NASLA \u00e9volue : une nouvelle g\u00e9n\u00e9ration de certifications pour renforcer les comp\u00e9tences et valoriser les carri\u00e8res. Apr\u00e8s cinq ann\u00e9es d\u2019existence et quatre vagues de formations continues, la NASLA engage une r\u00e9forme majeure de ses programmes afin de r\u00e9pondre plus efficacement aux attentes des Collectivit\u00e9s Territoriales D\u00e9centralis\u00e9es et des professionnels du d\u00e9veloppement local. Dans un [&hellip;]<\/p>\n","protected":false},"author":1,"featured_media":0,"parent":0,"menu_order":0,"comment_status":"closed","ping_status":"closed","template":"","meta":{"_acf_changed":false,"footnotes":""},"class_list":["post-14100","page","type-page","status-publish","hentry"],"acf":[],"_links":{"self":[{"href":"https:\/\/elearning.nasla.cm\/index.php\/wp-json\/wp\/v2\/pages\/14100","targetHints":{"allow":["GET"]}}],"collection":[{"href":"https:\/\/elearning.nasla.cm\/index.php\/wp-json\/wp\/v2\/pages"}],"about":[{"href":"https:\/\/elearning.nasla.cm\/index.php\/wp-json\/wp\/v2\/types\/page"}],"author":[{"embeddable":true,"href":"https:\/\/elearning.nasla.cm\/index.php\/wp-json\/wp\/v2\/users\/1"}],"replies":[{"embeddable":true,"href":"https:\/\/elearning.nasla.cm\/index.php\/wp-json\/wp\/v2\/comments?post=14100"}],"version-history":[{"count":16,"href":"https:\/\/elearning.nasla.cm\/index.php\/wp-json\/wp\/v2\/pages\/14100\/revisions"}],"predecessor-version":[{"id":14765,"href":"https:\/\/elearning.nasla.cm\/index.php\/wp-json\/wp\/v2\/pages\/14100\/revisions\/14765"}],"wp:attachment":[{"href":"https:\/\/elearning.nasla.cm\/index.php\/wp-json\/wp\/v2\/media?parent=14100"}],"curies":[{"name":"wp","href":"https:\/\/api.w.org\/{rel}","templated":true}]}}