{"id":14628,"date":"2026-01-05T10:42:20","date_gmt":"2026-01-05T09:42:20","guid":{"rendered":"https:\/\/elearning.nasla.cm\/index.php\/quiz-dli-chapitre-3\/"},"modified":"2026-01-05T10:42:20","modified_gmt":"2026-01-05T09:42:20","slug":"quiz-dli-chapitre-3","status":"publish","type":"page","link":"https:\/\/elearning.nasla.cm\/index.php\/quiz-dli-chapitre-3\/","title":{"rendered":"Quiz DLI Chapitre 3"},"content":{"rendered":"<script type=\"text\/javascript\" >\ndocument.addEventListener(\"DOMContentLoaded\", function(event) { \nif(!window.jQuery) alert(\"The important jQuery library is not properly loaded in your site. Your WordPress theme is probably missing the essential wp_head() call. You can switch to another theme and you will see that the plugin works fine and this notice disappears. If you are still not sure what to do you can contact us for help.\");\n});\n<\/script>  \n  \n<div  id=\"watupro_quiz\" class=\"quiz-area single-page-quiz\">\n<p id=\"submittingExam34\" style=\"display:none;text-align:center;\"><img decoding=\"async\" src=\"https:\/\/elearning.nasla.cm\/wp-content\/plugins\/watupro\/img\/loading.gif\" width=\"16\" height=\"16\"><\/p>\n\n\n\n<form action=\"\" method=\"post\" class=\"quiz-form\" id=\"quiz-34\"  enctype=\"multipart\/form-data\" >\n<div class='watu-question ' id='question-1' style=';'><div id='questionWrap-1'  class='   watupro-question-id-371'>\n\t\t\t<div class='question-content'><div><span class='watupro_num'>1. <\/span>Un principe fondamental du DLI est\u2026<\/div><input type='hidden' name='question_id[]' id='qID_1' value='371' class='watupro-question-id'\/><input type='hidden' id='answerType371' class='answerTypeCnt1' value='radio'><!-- end question-content--><\/div><div class='question-choices watupro-choices-columns '  id='questionChoices371'><div class='watupro-question-choice  ' dir='auto' ><input type='radio' name='answer-371[]' id='answer-id-1319' class='answer   answerof-371 ' value='1319'   \/><label for='answer-id-1319' id='answer-label-1319' class=' answer'><span>L\u2019exclusion<\/span><\/label><\/div><div class='watupro-question-choice  ' dir='auto' ><input type='radio' name='answer-371[]' id='answer-id-1320' class='answer   answerof-371 ' value='1320'   \/><label for='answer-id-1320' id='answer-label-1320' class=' answer'><span>L\u2019inclusion<\/span><\/label><\/div><div class='watupro-question-choice  ' dir='auto' ><input type='radio' name='answer-371[]' id='answer-id-1321' class='answer   answerof-371 ' value='1321'   \/><label for='answer-id-1321' id='answer-label-1321' class=' answer'><span>L\u2019assistance uniquement<\/span><\/label><\/div><div class='watupro-question-choice  ' dir='auto' ><input type='radio' name='answer-371[]' id='answer-id-1322' class='answer   answerof-371 ' value='1322'   \/><label for='answer-id-1322' id='answer-label-1322' class=' answer'><span>La privatisation<\/span><\/label><\/div><!-- end question-choices--><\/div><!-- end questionWrap--><\/div><\/div><div class='watu-question ' id='question-2' style=';'><div id='questionWrap-2'  class='   watupro-question-id-372'>\n\t\t\t<div class='question-content'><div><span class='watupro_num'>2. <\/span>La participation doit \u00eatre\u2026<\/div><input type='hidden' name='question_id[]' id='qID_2' value='372' class='watupro-question-id'\/><input type='hidden' id='answerType372' class='answerTypeCnt2' value='radio'><!-- end question-content--><\/div><div class='question-choices watupro-choices-columns '  id='questionChoices372'><div class='watupro-question-choice  ' dir='auto' ><input type='radio' name='answer-372[]' id='answer-id-1323' class='answer   answerof-372 ' value='1323'   \/><label for='answer-id-1323' id='answer-label-1323' class=' answer'><span>Th\u00e9orique<\/span><\/label><\/div><div class='watupro-question-choice  ' dir='auto' ><input type='radio' name='answer-372[]' id='answer-id-1324' class='answer   answerof-372 ' value='1324'   \/><label for='answer-id-1324' id='answer-label-1324' class=' answer'><span>R\u00e9elle et effective<\/span><\/label><\/div><div class='watupro-question-choice  ' dir='auto' ><input type='radio' name='answer-372[]' id='answer-id-1325' class='answer   answerof-372 ' value='1325'   \/><label for='answer-id-1325' id='answer-label-1325' class=' answer'><span>Symbolique<\/span><\/label><\/div><div class='watupro-question-choice  ' dir='auto' ><input type='radio' name='answer-372[]' id='answer-id-1326' class='answer   answerof-372 ' value='1326'   \/><label for='answer-id-1326' id='answer-label-1326' class=' answer'><span>Facultative<\/span><\/label><\/div><!-- end question-choices--><\/div><!-- end questionWrap--><\/div><\/div><div class='watu-question ' id='question-3' style=';'><div id='questionWrap-3'  class='   watupro-question-id-373'>\n\t\t\t<div class='question-content'><div><span class='watupro_num'>3. <\/span>L\u2019accessibilit\u00e9 concerne\u2026<\/div><input type='hidden' name='question_id[]' id='qID_3' value='373' class='watupro-question-id'\/><input type='hidden' id='answerType373' class='answerTypeCnt3' value='radio'><!-- end question-content--><\/div><div class='question-choices watupro-choices-columns '  id='questionChoices373'><div class='watupro-question-choice  ' dir='auto' ><input type='radio' name='answer-373[]' id='answer-id-1327' class='answer   answerof-373 ' value='1327'   \/><label for='answer-id-1327' id='answer-label-1327' class=' answer'><span>Les b\u00e2timents uniquement<\/span><\/label><\/div><div class='watupro-question-choice  ' dir='auto' ><input type='radio' name='answer-373[]' id='answer-id-1328' class='answer   answerof-373 ' value='1328'   \/><label for='answer-id-1328' id='answer-label-1328' class=' answer'><span>Les services et infrastructures<\/span><\/label><\/div><div class='watupro-question-choice  ' dir='auto' ><input type='radio' name='answer-373[]' id='answer-id-1329' class='answer   answerof-373 ' value='1329'   \/><label for='answer-id-1329' id='answer-label-1329' class=' answer'><span>Les r\u00e9unions uniquement<\/span><\/label><\/div><div class='watupro-question-choice  ' dir='auto' ><input type='radio' name='answer-373[]' id='answer-id-1330' class='answer   answerof-373 ' value='1330'   \/><label for='answer-id-1330' id='answer-label-1330' class=' answer'><span>Les m\u00e9dias<\/span><\/label><\/div><!-- end question-choices--><\/div><!-- end questionWrap--><\/div><\/div><div class='watu-question ' id='question-4' style=';'><div id='questionWrap-4'  class='   watupro-question-id-374'>\n\t\t\t<div class='question-content'><div><span class='watupro_num'>4. <\/span>La transparence renforce\u2026<\/div><input type='hidden' name='question_id[]' id='qID_4' value='374' class='watupro-question-id'\/><input type='hidden' id='answerType374' class='answerTypeCnt4' value='radio'><!-- end question-content--><\/div><div class='question-choices watupro-choices-columns '  id='questionChoices374'><div class='watupro-question-choice  ' dir='auto' ><input type='radio' name='answer-374[]' id='answer-id-1331' class='answer   answerof-374 ' value='1331'   \/><label for='answer-id-1331' id='answer-label-1331' class=' answer'><span>La m\u00e9fiance<\/span><\/label><\/div><div class='watupro-question-choice  ' dir='auto' ><input type='radio' name='answer-374[]' id='answer-id-1332' class='answer   answerof-374 ' value='1332'   \/><label for='answer-id-1332' id='answer-label-1332' class=' answer'><span>La responsabilisation<\/span><\/label><\/div><div class='watupro-question-choice  ' dir='auto' ><input type='radio' name='answer-374[]' id='answer-id-1333' class='answer   answerof-374 ' value='1333'   \/><label for='answer-id-1333' id='answer-label-1333' class=' answer'><span>Le secret<\/span><\/label><\/div><div class='watupro-question-choice  ' dir='auto' ><input type='radio' name='answer-374[]' id='answer-id-1334' class='answer   answerof-374 ' value='1334'   \/><label for='answer-id-1334' id='answer-label-1334' class=' answer'><span>La s\u00e9gr\u00e9gation<\/span><\/label><\/div><!-- end question-choices--><\/div><!-- end questionWrap--><\/div><\/div><div class='watu-question ' id='question-5' style=';'><div id='questionWrap-5'  class='   watupro-question-id-375'>\n\t\t\t<div class='question-content'><div><span class='watupro_num'>5. <\/span>Un pr\u00e9-requis majeur est\u2026<\/div><input type='hidden' name='question_id[]' id='qID_5' value='375' class='watupro-question-id'\/><input type='hidden' id='answerType375' class='answerTypeCnt5' value='radio'><!-- end question-content--><\/div><div class='question-choices watupro-choices-columns '  id='questionChoices375'><div class='watupro-question-choice  ' dir='auto' ><input type='radio' name='answer-375[]' id='answer-id-1335' class='answer   answerof-375 ' value='1335'   \/><label for='answer-id-1335' id='answer-label-1335' class=' answer'><span>L\u2019engagement politique local<\/span><\/label><\/div><div class='watupro-question-choice  ' dir='auto' ><input type='radio' name='answer-375[]' id='answer-id-1336' class='answer   answerof-375 ' value='1336'   \/><label for='answer-id-1336' id='answer-label-1336' class=' answer'><span>Le recul des \u00e9lus<\/span><\/label><\/div><div class='watupro-question-choice  ' dir='auto' ><input type='radio' name='answer-375[]' id='answer-id-1337' class='answer   answerof-375 ' value='1337'   \/><label for='answer-id-1337' id='answer-label-1337' class=' answer'><span>L\u2019absence de moyens<\/span><\/label><\/div><div class='watupro-question-choice  ' dir='auto' ><input type='radio' name='answer-375[]' id='answer-id-1338' class='answer   answerof-375 ' value='1338'   \/><label for='answer-id-1338' id='answer-label-1338' class=' answer'><span>La centralisation<\/span><\/label><\/div><!-- end question-choices--><\/div><!-- end questionWrap--><\/div><\/div><div class='watu-question ' id='question-6' style=';'><div id='questionWrap-6'  class='   watupro-question-id-376'>\n\t\t\t<div class='question-content'><div><span class='watupro_num'>6. <\/span>Les OPH doivent \u00eatre\u2026<\/div><input type='hidden' name='question_id[]' id='qID_6' value='376' class='watupro-question-id'\/><input type='hidden' id='answerType376' class='answerTypeCnt6' value='radio'><!-- end question-content--><\/div><div class='question-choices watupro-choices-columns '  id='questionChoices376'><div class='watupro-question-choice  ' dir='auto' ><input type='radio' name='answer-376[]' id='answer-id-1339' class='answer   answerof-376 ' value='1339'   \/><label for='answer-id-1339' id='answer-label-1339' class=' answer'><span>Inform\u00e9es seulement<\/span><\/label><\/div><div class='watupro-question-choice  ' dir='auto' ><input type='radio' name='answer-376[]' id='answer-id-1340' class='answer   answerof-376 ' value='1340'   \/><label for='answer-id-1340' id='answer-label-1340' class=' answer'><span>Renforc\u00e9es et impliqu\u00e9es<\/span><\/label><\/div><div class='watupro-question-choice  ' dir='auto' ><input type='radio' name='answer-376[]' id='answer-id-1341' class='answer   answerof-376 ' value='1341'   \/><label for='answer-id-1341' id='answer-label-1341' class=' answer'><span>Tenues \u00e0 distance<\/span><\/label><\/div><div class='watupro-question-choice  ' dir='auto' ><input type='radio' name='answer-376[]' id='answer-id-1342' class='answer   answerof-376 ' value='1342'   \/><label for='answer-id-1342' id='answer-label-1342' class=' answer'><span>Dissoutes<\/span><\/label><\/div><!-- end question-choices--><\/div><!-- end questionWrap--><\/div><\/div><div class='watu-question ' id='question-7' style=';'><div id='questionWrap-7'  class='   watupro-question-id-377'>\n\t\t\t<div class='question-content'><div><span class='watupro_num'>7. <\/span>Les diagnostics doivent \u00eatre\u2026<\/div><input type='hidden' name='question_id[]' id='qID_7' value='377' class='watupro-question-id'\/><input type='hidden' id='answerType377' class='answerTypeCnt7' value='radio'><!-- end question-content--><\/div><div class='question-choices watupro-choices-columns '  id='questionChoices377'><div class='watupro-question-choice  ' dir='auto' ><input type='radio' name='answer-377[]' id='answer-id-1343' class='answer   answerof-377 ' value='1343'   \/><label for='answer-id-1343' id='answer-label-1343' class=' answer'><span>Rapides uniquement<\/span><\/label><\/div><div class='watupro-question-choice  ' dir='auto' ><input type='radio' name='answer-377[]' id='answer-id-1344' class='answer   answerof-377 ' value='1344'   \/><label for='answer-id-1344' id='answer-label-1344' class=' answer'><span>Participatifs et inclusifs<\/span><\/label><\/div><div class='watupro-question-choice  ' dir='auto' ><input type='radio' name='answer-377[]' id='answer-id-1345' class='answer   answerof-377 ' value='1345'   \/><label for='answer-id-1345' id='answer-label-1345' class=' answer'><span>Impos\u00e9s par l\u2019\u00c9tat<\/span><\/label><\/div><div class='watupro-question-choice  ' dir='auto' ><input type='radio' name='answer-377[]' id='answer-id-1346' class='answer   answerof-377 ' value='1346'   \/><label for='answer-id-1346' id='answer-label-1346' class=' answer'><span>Financiers<\/span><\/label><\/div><!-- end question-choices--><\/div><!-- end questionWrap--><\/div><\/div><div class='watu-question ' id='question-8' style=';'><div id='questionWrap-8'  class='   watupro-question-id-378'>\n\t\t\t<div class='question-content'><div><span class='watupro_num'>8. <\/span>Le DLI n\u00e9cessite\u2026<\/div><input type='hidden' name='question_id[]' id='qID_8' value='378' class='watupro-question-id'\/><input type='hidden' id='answerType378' class='answerTypeCnt8' value='radio'><!-- end question-content--><\/div><div class='question-choices watupro-choices-columns '  id='questionChoices378'><div class='watupro-question-choice  ' dir='auto' ><input type='radio' name='answer-378[]' id='answer-id-1347' class='answer   answerof-378 ' value='1347'   \/><label for='answer-id-1347' id='answer-label-1347' class=' answer'><span>Aucune ressource<\/span><\/label><\/div><div class='watupro-question-choice  ' dir='auto' ><input type='radio' name='answer-378[]' id='answer-id-1348' class='answer   answerof-378 ' value='1348'   \/><label for='answer-id-1348' id='answer-label-1348' class=' answer'><span>Des ressources d\u00e9di\u00e9es<\/span><\/label><\/div><div class='watupro-question-choice  ' dir='auto' ><input type='radio' name='answer-378[]' id='answer-id-1349' class='answer   answerof-378 ' value='1349'   \/><label for='answer-id-1349' id='answer-label-1349' class=' answer'><span>Un financement priv\u00e9 seul<\/span><\/label><\/div><div class='watupro-question-choice  ' dir='auto' ><input type='radio' name='answer-378[]' id='answer-id-1350' class='answer   answerof-378 ' value='1350'   \/><label for='answer-id-1350' id='answer-label-1350' class=' answer'><span>Aucun budget<\/span><\/label><\/div><!-- end question-choices--><\/div><!-- end questionWrap--><\/div><\/div><div class='watu-question ' id='question-9' style=';'><div id='questionWrap-9'  class='   watupro-question-id-379'>\n\t\t\t<div class='question-content'><div><span class='watupro_num'>9. <\/span>Sans pr\u00e9-requis, le DLI devient\u2026<\/div><input type='hidden' name='question_id[]' id='qID_9' value='379' class='watupro-question-id'\/><input type='hidden' id='answerType379' class='answerTypeCnt9' value='radio'><!-- end question-content--><\/div><div class='question-choices watupro-choices-columns '  id='questionChoices379'><div class='watupro-question-choice  ' dir='auto' ><input type='radio' name='answer-379[]' id='answer-id-1351' class='answer   answerof-379 ' value='1351'   \/><label for='answer-id-1351' id='answer-label-1351' class=' answer'><span>Durable<\/span><\/label><\/div><div class='watupro-question-choice  ' dir='auto' ><input type='radio' name='answer-379[]' id='answer-id-1352' class='answer   answerof-379 ' value='1352'   \/><label for='answer-id-1352' id='answer-label-1352' class=' answer'><span>Inefficace<\/span><\/label><\/div><div class='watupro-question-choice  ' dir='auto' ><input type='radio' name='answer-379[]' id='answer-id-1353' class='answer   answerof-379 ' value='1353'   \/><label for='answer-id-1353' id='answer-label-1353' class=' answer'><span>Caritatif<\/span><\/label><\/div><div class='watupro-question-choice  ' dir='auto' ><input type='radio' name='answer-379[]' id='answer-id-1354' class='answer   answerof-379 ' value='1354'   \/><label for='answer-id-1354' id='answer-label-1354' class=' answer'><span>Obligatoire<\/span><\/label><\/div><!-- end question-choices--><\/div><!-- end questionWrap--><\/div><\/div><div class='watu-question ' id='question-10' style=';'><div id='questionWrap-10'  class='   watupro-question-id-380'>\n\t\t\t<div class='question-content'><div><span class='watupro_num'>10. <\/span>L\u2019\u00e9galit\u00e9 de droits implique\u2026<\/div><input type='hidden' name='question_id[]' id='qID_10' value='380' class='watupro-question-id'\/><input type='hidden' id='answerType380' class='answerTypeCnt10' value='radio'><!-- end question-content--><\/div><div class='question-choices watupro-choices-columns '  id='questionChoices380'><div class='watupro-question-choice  ' dir='auto' ><input type='radio' name='answer-380[]' id='answer-id-1355' class='answer   answerof-380 ' value='1355'   \/><label for='answer-id-1355' id='answer-label-1355' class=' answer'><span>Une assistance permanente<\/span><\/label><\/div><div class='watupro-question-choice  ' dir='auto' ><input type='radio' name='answer-380[]' id='answer-id-1356' class='answer   answerof-380 ' value='1356'   \/><label for='answer-id-1356' id='answer-label-1356' class=' answer'><span>Un acc\u00e8s \u00e9quitable aux opportunit\u00e9s<\/span><\/label><\/div><div class='watupro-question-choice  ' dir='auto' ><input type='radio' name='answer-380[]' id='answer-id-1357' class='answer   answerof-380 ' value='1357'   \/><label for='answer-id-1357' id='answer-label-1357' class=' answer'><span>La s\u00e9gr\u00e9gation positive<\/span><\/label><\/div><div class='watupro-question-choice  ' dir='auto' ><input type='radio' name='answer-380[]' id='answer-id-1358' class='answer   answerof-380 ' value='1358'   \/><label for='answer-id-1358' id='answer-label-1358' class=' answer'><span>La communication symbolique<\/span><\/label><\/div><!-- end question-choices--><\/div><!-- end questionWrap--><\/div><\/div><div style='display:none' id='question-11'>\n\t<div class='question-content'>\n\t\t<img decoding=\"async\" src=\"https:\/\/elearning.nasla.cm\/wp-content\/plugins\/watupro\/img\/loading.gif\" width=\"16\" height=\"16\" alt=\"Loading...\" title=\"Loading...\" \/>&nbsp;Loading...\t<\/div>\n<\/div>\n\n<br \/>\n\t\n\t\t\t<div class=\"watupro_buttons flex \" id=\"watuPROButtons34\" >\n\t\t  <div id=\"prev-question\" style=\"display:none;\"><input type=\"button\" value=\"&lt; Previous\" onclick=\"WatuPRO.nextQuestion(event, 'previous');\"\/><\/div>\t\t  \t\t  \t\t   \n\t\t   \t  \t\t<div><input type=\"button\" name=\"action\" class=\"watupro-submit-button\" onclick=\"WatuPRO.submitResult(event)\" id=\"action-button\" value=\"View Results\"  \/>\n\t\t<\/div>\n\t\t<\/div>\n\t\t\n\t<input type=\"hidden\" name=\"quiz_id\" value=\"34\" id=\"watuPROExamID\"\/>\n\t<input type=\"hidden\" name=\"start_time\" id=\"startTime\" value=\"2026-05-02 08:51:06\" \/>\n\t<input type=\"hidden\" name=\"start_timestamp\" id=\"startTimeStamp\" value=\"1777711866\" \/>\n\t<input type=\"hidden\" name=\"question_ids\" value=\"\" \/>\n\t<input type=\"hidden\" name=\"watupro_questions\" value=\"371:1319,1320,1321,1322 | 372:1323,1324,1325,1326 | 373:1327,1328,1329,1330 | 374:1331,1332,1333,1334 | 375:1335,1336,1337,1338 | 376:1339,1340,1341,1342 | 377:1343,1344,1345,1346 | 378:1347,1348,1349,1350 | 379:1351,1352,1353,1354 | 380:1355,1356,1357,1358\" \/>\n\t<input type=\"hidden\" name=\"no_ajax\" value=\"0\">\t\t\t<\/form>\n\t<p>&nbsp;<\/p>\n<\/div>\n\n<script type=\"text\/javascript\">\n\/\/jQuery(document).ready(function(){\ndocument.addEventListener(\"DOMContentLoaded\", function(event) { \t\nvar question_ids = \"371,372,373,374,375,376,377,378,379,380\";\nWatuPROSettings[34] = {};\nWatuPRO.qArr = question_ids.split(',');\nWatuPRO.exam_id = 34;\t    \nWatuPRO.post_id = 14628;\nWatuPRO.store_progress = 0;\nWatuPRO.curCatPage = 1;\nWatuPRO.requiredIDs=\"0\".split(\",\");\nWatuPRO.hAppID = \"0.72685200 1777708266\";\nvar url = \"https:\/\/elearning.nasla.cm\/wp-content\/plugins\/watupro\/show_exam.php\";\nWatuPRO.examMode = 1;\nWatuPRO.siteURL=\"https:\/\/elearning.nasla.cm\/wp-admin\/admin-ajax.php\";\nWatuPRO.emailIsNotRequired = 0;\nWatuPRO.perDecade = 10;\nWatuPROIntel.init(34);\nWatuPRO.inCategoryPages=1;});    \t \n<\/script>\n\n","protected":false},"excerpt":{"rendered":"","protected":false},"author":1,"featured_media":0,"parent":0,"menu_order":0,"comment_status":"closed","ping_status":"closed","template":"","meta":{"_acf_changed":false,"footnotes":""},"class_list":["post-14628","page","type-page","status-publish","hentry"],"acf":[],"_links":{"self":[{"href":"https:\/\/elearning.nasla.cm\/index.php\/wp-json\/wp\/v2\/pages\/14628","targetHints":{"allow":["GET"]}}],"collection":[{"href":"https:\/\/elearning.nasla.cm\/index.php\/wp-json\/wp\/v2\/pages"}],"about":[{"href":"https:\/\/elearning.nasla.cm\/index.php\/wp-json\/wp\/v2\/types\/page"}],"author":[{"embeddable":true,"href":"https:\/\/elearning.nasla.cm\/index.php\/wp-json\/wp\/v2\/users\/1"}],"replies":[{"embeddable":true,"href":"https:\/\/elearning.nasla.cm\/index.php\/wp-json\/wp\/v2\/comments?post=14628"}],"version-history":[{"count":0,"href":"https:\/\/elearning.nasla.cm\/index.php\/wp-json\/wp\/v2\/pages\/14628\/revisions"}],"wp:attachment":[{"href":"https:\/\/elearning.nasla.cm\/index.php\/wp-json\/wp\/v2\/media?parent=14628"}],"curies":[{"name":"wp","href":"https:\/\/api.w.org\/{rel}","templated":true}]}}