{"id":9250,"date":"2022-10-22T12:14:38","date_gmt":"2022-10-22T11:14:38","guid":{"rendered":"https:\/\/elearning.nasla.cm\/?page_id=9250"},"modified":"2024-02-05T14:16:30","modified_gmt":"2024-02-05T13:16:30","slug":"evaluation-formation","status":"publish","type":"page","link":"https:\/\/elearning.nasla.cm\/index.php\/evaluation-formation\/","title":{"rendered":"FORMATION CONTINUE N\u00b0003: EVALUATION DES ENSEIGNEMENTS."},"content":{"rendered":"<form  class=\"kaliforms-form-container bootstrap-wrapper input-with-bg no-borders rounded-borders \" data-form-id=\"9222\" style=\"opacity:0\"><h3>Evaluation Formation Continue 2023<\/h3><div id=\"kaliforms-global-error-message-9222\" class=\"global-error-message\"><\/div><div class=\"row kali-form-field-row\"><div class=\"col-12 col-md-6 \"><label  for=\"first-name\">Nom et Pr\u00e9nom du participant <span class=\"kali-required-mark\">*<\/span><\/label><input  data-internal-id=\"textbox0\" type=\"text\" id=\"first-name\" name=\"first-name\" data-properties.type=\"text\" required ><small>Name and surname<\/small><\/div><div class=\"col-12 col-md-6 \"><label  for=\"last-name\">CTD \/ RLA <span class=\"kali-required-mark\">*<\/span><\/label><input  data-internal-id=\"textbox1\" type=\"text\" id=\"last-name\" name=\"last-name\" data-properties.type=\"text\" required ><small>Organisme d&#039;origine<\/small><\/div><\/div><div class=\"row kali-form-field-row\"><div class=\"col-12 col-md-6 \"><label  for=\"textbox15\">Residence <span class=\"kali-required-mark\">*<\/span><\/label><input  data-internal-id=\"textbox15\" type=\"text\" id=\"textbox15\" name=\"textbox15\" data-properties.type=\"text\" required ><small>Lieu de R\u00e9sidence<\/small><\/div><div class=\"col-12 col-md-6 \"><label  for=\"textbox14\">Emploi \/ Job <span class=\"kali-required-mark\">*<\/span><\/label><input  data-internal-id=\"textbox14\" type=\"text\" id=\"textbox14\" name=\"textbox14\" data-properties.type=\"text\" required ><small>Poste Occup\u00e9 \/ Position<\/small><\/div><\/div><div class=\"row kali-form-field-row\"><div class=\"col-12 col-md-12 \"><label class=\"radio-label\" style=\"margin-bottom:15px;display:inline-block\">M\u00e9tier \/ Job <span class=\"kali-required-mark\">*<\/span><\/label><div class=\"row\"><span class=\"col-12 col-md-4\"><label class=\"radio-label\"><input  data-internal-id=\"radio34\" type=\"radio\" id=\"radio340\" name=\"Fil\u00e8re\/M\u00e9tier \/ Job\" data-flow=\"horizontal\" required  class=\"input\"  value=\"1\">SG<\/label><\/span><span class=\"col-12 col-md-4\"><label class=\"radio-label\"><input  data-internal-id=\"radio34\" type=\"radio\" id=\"radio341\" name=\"Fil\u00e8re\/M\u00e9tier \/ Job\" data-flow=\"horizontal\" required  class=\"input\"  value=\"2\">RGBF<\/label><\/span><span class=\"col-12 col-md-4\"><label class=\"radio-label\"><input  data-internal-id=\"radio34\" type=\"radio\" id=\"radio342\" name=\"Fil\u00e8re\/M\u00e9tier \/ Job\" data-flow=\"horizontal\" required  class=\"input\"  value=\"3\">RGC<\/label><\/span><span class=\"col-12 col-md-4\"><label class=\"radio-label\"><input  data-internal-id=\"radio34\" type=\"radio\" id=\"radio343\" name=\"Fil\u00e8re\/M\u00e9tier \/ Job\" data-flow=\"horizontal\" required  class=\"input\"  value=\"4\">RGM<\/label><\/span><span class=\"col-12 col-md-4\"><label class=\"radio-label\"><input  data-internal-id=\"radio34\" type=\"radio\" id=\"radio344\" name=\"Fil\u00e8re\/M\u00e9tier \/ Job\" data-flow=\"horizontal\" required  class=\"input\"  value=\"5\">DEVELOPPEUR T.<\/label><\/span><\/div><\/div><\/div><div class=\"row kali-form-field-row\"><div class=\"col-12 col-md-12 \"><label  for=\"dropdown3535\">Unit\u00e9 d'enseignement <span class=\"kali-required-mark\">*<\/span><\/label><select  data-internal-id=\"dropdown35\" type=\"dropdown\" id=\"dropdown3535\" name=\"Unite_E\"required  class=\"input\"><option value=\"1\" >Basics of local public finance \/ Bases des finances publiques locales<\/option><option value=\"2\" >Performance management \/ Management de la performance<\/option><option value=\"3\" >Preparing and adopting performance based budgeting \/ Pr\u00e9paration et adoption du budget programme<\/option><option value=\"4\" >Performance based budget execution rules and operations \/ R\u00e8gles et op\u00e9rations d'ex\u00e9cution du budget programme<\/option><option value=\"5\" >Pratical use of Sim_ ba software \/ Pratique du logiciel Sim_ba<\/option><option value=\"6\" >Procedures for establishing and optimising tax revenues \/ Proc\u00e9dures d'\u00e9tablissement et d'optimisation des recettes fiscales<\/option><option value=\"7\" >Public procurement \/ Commande publique<\/option><option value=\"8\" >Administrative and financial execution of public contracts \/ Ex\u00e9cution administrative et financi\u00e8re des march\u00e9s publics<\/option><option value=\"9\" >Administrative and management accounts \/ Compte administratif et compte de gestion<\/option><option value=\"10\" >Inclusive performance based programme \/ D\u00e9marches de budget programme inclusif<\/option><option value=\"11\" >Techniques and methods for financial analysis \/ Techniques et m\u00e9thodes d'analyse financi\u00e8re<\/option><option value=\"12\" >Preparation of performance Dasboards \/ Elaborotion des tableaux de bord de performance<\/option><option value=\"13\" >Innovative financing mechanisms for Local authorities \/ M\u00e9canismes innovants de financement des CTD<\/option><option value=\"14\" >Management op\u00e9rationnel de service<\/option><option value=\"15\" >Principles of good governance<\/option><option value=\"16\" >Basics of Public Accounting \/ Base de la comptabilit\u00e9 publique<\/option><option value=\"17\" >Cash-flovw operations (cash) \/ Op\u00e9rations de tr\u00e9sorerie<\/option><option value=\"18\" >Elaboration du compte de gestion \/ Preparation of Management Account<\/option><option value=\"19\" >Procedures of the Audit Bench \/ Proc\u00e9dures de la chambre des comptes<\/option><option value=\"20\" >Collection strategies and techniques \/ Strat\u00e9gie et techniques de recouvrerment<\/option><option value=\"21\" >Decentralization and local development \/ D\u00e9centralisation et d\u00e9veloppement local<\/option><option value=\"22\" >Preparation of Local and Regional Development Plans \/ Elaboration des plans communaux et r\u00e9gionaux de d\u00e9veloppement<\/option><option value=\"23\" >Design and Evaluation of Local Public Policies \/ Conception et \u00e9valuation des politiques publiques<\/option><option value=\"24\" >Project Management \/ Gestion des projets<\/option><option value=\"25\" >Administrative Formalities and Procedures in Local Authorities \/ Formalit\u00e9s et proc\u00e9dures administratives dans les CTD<\/option><option value=\"26\" >Monitoring the Deliberating Organ \/ Suivi de l'organe d\u00e9lib\u00e9rant<\/option><option value=\"27\" >Human Resource Management \/ Gestion des ressources humaines<\/option><option value=\"28\" >Team Management \/ Gestion d'\u00e9quipe<\/option><option value=\"29\" >Construction of Performance and Participatory Budgets \/ Construction du budget programme participatif<\/option><option value=\"30\" >Techniques for Preparing and Chairing Meetings \/ Communication et Techniques de pr\u00e9paration et de conduit de r\u00e9union<\/option><option value=\"31\" >Legal Commitment and Administrative Account (including Sim_ba application)<\/option><option value=\"32\" >Inclusive Local Development Approaches \/ D\u00e9marches de d\u00e9veloppement loccal inclusif<\/option><option value=\"33\" >Management of Basic \/ Social Services<\/option><option value=\"34\" >Administrative Drafting and Legislation Applied to RLAs<\/option><option value=\"35\" >Management Control Tools and Methods \/ Outils et m\u00e9thodes de contr\u00f4le de gestion<\/option><option value=\"36\" >Social Mediation and Conflict Management \/ M\u00e9diation sociale et gestion des conflits<\/option><option value=\"37\" >Economics of Sustainable Local Development \/ Economie du d\u00e9veloppement local durable<\/option><option value=\"38\" >Planning and Operational Project Follow-up \/ Planification et suivi op\u00e9rationnel des projets<\/option><option value=\"39\" >Risk Management and Project Evaluation \/ Gestion des risques et \u00e9valuation des projets<\/option><option value=\"40\" >Team Project Management \/ Gestion de l'\u00e9quipe projet<\/option><option value=\"41\" >Maturation and Preparation of Project Documents (ToR, PRODOC, etc.)<\/option><option value=\"42\" >Local Economic Action Promotion Approaches \/ Strat\u00e9gies de promotion de l'action \u00e9conomique locale<\/option><option value=\"43\" >RLA Management Procedures \/ Modalit\u00e9s de gestion des CTD<\/option><option value=\"44\" >Social and Solidarity Economy Practices \/ Pratiques d'\u00e9conomie sociale et solidaire<\/option><option value=\"45\" >Development of local touristic sites \/ Am\u00e9nagement des sites touristiques<\/option><option value=\"46\" >Project Marketing \/ Marketing des projets<\/option><option value=\"47\" >Introduction to Local Taxation \/ Initiation \u00e0 la fiscalit\u00e9 locale<\/option><option value=\"48\" >Youth Project Funding Schemes \/ Guichet de financement des projets jeunes<\/option><option value=\"49\" >Partnership Negotiations \/ N\u00e9gociation de partenariat<\/option><option value=\"50\" >Basics of Public Accounting \/ Base de la comptabilit\u00e9 publique<\/option><option value=\"51\" >Basics of stores accounting \/ Bases de la comptabilit\u00e9 mati\u00e8res<\/option><option value=\"52\" >Stores accounting techniques and procedures<\/option><option value=\"53\" >Praticals Travaux pratiques<\/option><option value=\"54\" >Preparation of the stores management \/ Elaboration du compte mati\u00e8res<\/option><option value=\"55\" >Praticals Travaux pratiques<\/option><option value=\"56\" >Use of the comptamat software \/ Utilisation du logiciel comptamat<\/option><option value=\"57\" >Statistics and financial analysis<\/option><option value=\"58\" >Rules and procedures for asset disposal \/ R\u00e8gles et procedures d'ali\u00e9nation du patrimoine<\/option><\/select><\/div><\/div><div class=\"row kali-form-field-row\"><div class=\"col-12\"><label  for=\"divider16\">Demande de Formation<\/label><hr \/><\/div><\/div><div class=\"row kali-form-field-row\"><div class=\"col-12 col-md-12 \"><label class=\"radio-label\" style=\"margin-bottom:15px;display:inline-block\">Qu&#039;attendiez vous de la formation ? What did you concretely expect from this course? <span class=\"kali-required-mark\">*<\/span><\/label><label class=\"radio-label\"><input  data-internal-id=\"radio17\" type=\"radio\" id=\"radio170\" name=\"Attentes\" data-flow=\"vertical\" required  class=\"input\"  value=\"1\">Acqu\u00e9rir des connaissances - Acquire knowledges<\/label><label class=\"radio-label\"><input  data-internal-id=\"radio17\" type=\"radio\" id=\"radio171\" name=\"Attentes\" data-flow=\"vertical\" required  class=\"input\"  value=\"2\">Actualiser vos connaissances - Refresh Knowledges<\/label><label class=\"radio-label\"><input  data-internal-id=\"radio17\" type=\"radio\" id=\"radio172\" name=\"Attentes\" data-flow=\"vertical\" required  class=\"input\"  value=\"3\">Approndir vos connaissances<\/label><label class=\"radio-label\"><input  data-internal-id=\"radio17\" type=\"radio\" id=\"radio173\" name=\"Attentes\" data-flow=\"vertical\" required  class=\"input\"  value=\"4\">D\u00e9velopper une comp\u00e9tence particuli\u00e8re<\/label><\/div><\/div><div class=\"row kali-form-field-row\"><div class=\"col-12\"><hr \/><\/div><\/div><div class=\"row kali-form-field-row\"><div class=\"col-12 col-md-12 \"><span  data-internal-id=\"freetext32\" type=\"freeText\" id=\"texte\" name=\"freeText\">Processus P\u00e9dagogique \/ P\u00e9dagogic Process<\/span><\/div><\/div><div class=\"row kali-form-field-row\"><div class=\"col-12 col-md-12 \"><label class=\"checkbox-label\" style=\"margin-bottom:15px;display:inline-block\">Comment jugez vous la m\u00e9thode p\u00e9dagogique ? How would you rate the distribution between theory and practical work? <span class=\"kali-required-mark\">*<\/span><\/label><label class=\"checkbox-label\"><input  data-internal-id=\"checkbox20\" type=\"checkbox\" id=\"checkbox200\" name=\"MethodePedago\" data-flow=\"vertical\" required  class=\"input\"  value=\"1\">Trop Th\u00e9orique<\/label><label class=\"checkbox-label\"><input  data-internal-id=\"checkbox20\" type=\"checkbox\" id=\"checkbox201\" name=\"MethodePedago\" data-flow=\"vertical\" required  class=\"input\"  value=\"2\">Bien R\u00e9partie<\/label><label class=\"checkbox-label\"><input  data-internal-id=\"checkbox20\" type=\"checkbox\" id=\"checkbox202\" name=\"MethodePedago\" data-flow=\"vertical\" required  class=\"input\"  value=\"3\">Trop Pratique<\/label><\/div><\/div><div class=\"row kali-form-field-row\"><div class=\"col-12 col-md-12 \"><label class=\"checkbox-label\" style=\"margin-bottom:15px;display:inline-block\">Que pensez vous du d\u00e9roulement des s\u00e9ances de cours ? Can you appreciate how the course take place ? <span class=\"kali-required-mark\">*<\/span><\/label><label class=\"checkbox-label\"><input  data-internal-id=\"checkbox21\" type=\"checkbox\" id=\"checkbox210\" name=\"Quepensezvous_maitrise\" data-flow=\"vertical\" required  class=\"input\"  value=\"1\">Bien d\u00e9roul\u00e9<\/label><label class=\"checkbox-label\"><input  data-internal-id=\"checkbox21\" type=\"checkbox\" id=\"checkbox211\" name=\"Quepensezvous_maitrise\" data-flow=\"vertical\" required  class=\"input\"  value=\"2\">Passsable<\/label><label class=\"checkbox-label\"><input  data-internal-id=\"checkbox21\" type=\"checkbox\" id=\"checkbox212\" name=\"Quepensezvous_maitrise\" data-flow=\"vertical\" required  class=\"input\"  value=\"3\">Mal Organis\u00e9 \/ Perturb\u00e9<\/label><\/div><\/div><div class=\"row kali-form-field-row\"><div class=\"col-12 col-md-12 \"><label class=\"checkbox-label\" style=\"margin-bottom:15px;display:inline-block\">Que pensez vous de l&#039;intervenant sur le plan de la ma\u00eetrise des contenus ? What are your impressions about the speaker? (in terms of content mastery)(duplicate) <span class=\"kali-required-mark\">*<\/span><\/label><label class=\"checkbox-label\"><input  data-internal-id=\"checkbox33\" type=\"checkbox\" id=\"checkbox330\" name=\"checkbox33\" data-flow=\"vertical\" required  class=\"input\"  value=\"1\">Trop Th\u00e9orique<\/label><label class=\"checkbox-label\"><input  data-internal-id=\"checkbox33\" type=\"checkbox\" id=\"checkbox331\" name=\"checkbox33\" data-flow=\"vertical\" required  class=\"input\"  value=\"2\">Bien R\u00e9partie<\/label><label class=\"checkbox-label\"><input  data-internal-id=\"checkbox33\" type=\"checkbox\" id=\"checkbox332\" name=\"checkbox33\" data-flow=\"vertical\" required  class=\"input\"  value=\"3\">Trop Pratique<\/label><\/div><\/div><div class=\"row kali-form-field-row\"><div class=\"col-12 col-md-12 \"><label class=\"checkbox-label\" style=\"margin-bottom:15px;display:inline-block\">Que pensez-vous de l\u2019intervenant (sur le plan des comp\u00e9tences p\u00e9dagogiques \u2013 Animation, adaptation au groupe) <span class=\"kali-required-mark\">*<\/span><\/label><label class=\"checkbox-label\"><input  data-internal-id=\"checkbox22\" type=\"checkbox\" id=\"checkbox220\" name=\"Quepensezvousintervenant\" data-flow=\"vertical\" required  class=\"input\"  value=\"1\">Trop Th\u00e9orique<\/label><label class=\"checkbox-label\"><input  data-internal-id=\"checkbox22\" type=\"checkbox\" id=\"checkbox221\" name=\"Quepensezvousintervenant\" data-flow=\"vertical\" required  class=\"input\"  value=\"2\">Bien R\u00e9partie<\/label><label class=\"checkbox-label\"><input  data-internal-id=\"checkbox22\" type=\"checkbox\" id=\"checkbox222\" name=\"Quepensezvousintervenant\" data-flow=\"vertical\" required  class=\"input\"  value=\"3\">Trop Pratique<\/label><small>What are your impressions about the speaker? (in terms of pedagogic skills - facilitation, adaptation to the group)<\/small><\/div><\/div><div class=\"row kali-form-field-row\"><div class=\"col-12\"><hr \/><\/div><\/div><div class=\"row kali-form-field-row\"><div class=\"col-12 col-md-12 \"><label class=\"checkbox-label\" style=\"margin-bottom:15px;display:inline-block\">A l&#039;issue de la formation vous avez le sentiment d&#039;avoir pu... <span class=\"kali-required-mark\">*<\/span><\/label><label class=\"checkbox-label\"><input  data-internal-id=\"checkbox23\" type=\"checkbox\" id=\"checkbox230\" name=\"Al&#039;issue\" data-flow=\"vertical\" required  class=\"input\"  value=\"1\">Acqu\u00e9rir<\/label><label class=\"checkbox-label\"><input  data-internal-id=\"checkbox23\" type=\"checkbox\" id=\"checkbox231\" name=\"Al&#039;issue\" data-flow=\"vertical\" required  class=\"input\"  value=\"2\">Actualiser<\/label><label class=\"checkbox-label\"><input  data-internal-id=\"checkbox23\" type=\"checkbox\" id=\"checkbox232\" name=\"Al&#039;issue\" data-flow=\"vertical\" required  class=\"input\"  value=\"3\">ou Approfondir vos connaissances ?<\/label><label class=\"checkbox-label\"><input  data-internal-id=\"checkbox23\" type=\"checkbox\" id=\"checkbox233\" name=\"Al&#039;issue\" data-flow=\"vertical\" required  class=\"input\"  value=\"4\">D\u00e9velopper une comp\u00e9tences ?<\/label><small>At the end of the course, do you think you have been able to<\/small><\/div><\/div><div class=\"row kali-form-field-row\"><div class=\"col-12 col-md-12 \"><label  for=\"Autres\">Commentaire \u00e0 propos <span class=\"kali-required-mark\">*<\/span><\/label><input  data-internal-id=\"textbox2\" type=\"text\" id=\"Autres\" name=\"Autres\" data-properties.type=\"text\" required ><\/div><\/div><div class=\"row kali-form-field-row\"><div class=\"col-12\"><hr \/><\/div><\/div><div class=\"row kali-form-field-row\"><div class=\"col-12 col-md-12 \"><label class=\"radio-label\" style=\"margin-bottom:15px;display:inline-block\">Par rapport a la <span class=\"kali-required-mark\">*<\/span><\/label><label class=\"radio-label\"><input  data-internal-id=\"radio30\" type=\"radio\" id=\"radio1720300\" name=\"Par rapport \u00e0 la perception que vous aviez de la formation, y a-t-il eu\" data-flow=\"vertical\" required  class=\"input\"  value=\"1\">Ad\u00e9quation<\/label><label class=\"radio-label\"><input  data-internal-id=\"radio30\" type=\"radio\" id=\"radio1720301\" name=\"Par rapport \u00e0 la perception que vous aviez de la formation, y a-t-il eu\" data-flow=\"vertical\" required  class=\"input\"  value=\"2\">Decalage<\/label><label class=\"radio-label\"><input  data-internal-id=\"radio30\" type=\"radio\" id=\"radio1720302\" name=\"Par rapport \u00e0 la perception que vous aviez de la formation, y a-t-il eu\" data-flow=\"vertical\" required  class=\"input\"  value=\"3\">Surprise<\/label><small>Considering your perception about the course, was there<\/small><\/div><\/div><div class=\"row kali-form-field-row\"><div class=\"col-12 col-md-12 \"><label class=\"radio-label\" style=\"margin-bottom:15px;display:inline-block\">Globalement, estimez-vous que la formation vous a \u00e9t\u00e9 <span class=\"kali-required-mark\">*<\/span><\/label><label class=\"radio-label\"><input  data-internal-id=\"radio31\" type=\"radio\" id=\"radio310\" name=\"radio31\" data-flow=\"vertical\" required  class=\"input\"  value=\"1\">Tr\u00e8s Utile<\/label><label class=\"radio-label\"><input  data-internal-id=\"radio31\" type=\"radio\" id=\"radio311\" name=\"radio31\" data-flow=\"vertical\" required  class=\"input\"  value=\"2\">Utile<\/label><label class=\"radio-label\"><input  data-internal-id=\"radio31\" type=\"radio\" id=\"radio312\" name=\"radio31\" data-flow=\"vertical\" required  class=\"input\"  value=\"3\">Inutile<\/label><small>In all, what do you think about the course?<\/small><\/div><\/div><div class=\"row kali-form-field-row\"><div class=\"col-12 col-md-12 \"><label  for=\"textarea29\">Commentaire<\/label><textarea  data-internal-id=\"textarea29\" type=\"textarea\" id=\"textarea29\" name=\"textarea29\" rows=\"5\" class=\"input\"><\/textarea><\/div><\/div><div class=\"row kali-form-field-row\"><div class=\"col-12 col-md-12 \"><label  for=\"textarea28\">Autres Observations ou Suggestions<\/label><textarea  data-internal-id=\"textarea28\" type=\"textarea\" id=\"textarea28\" name=\"textarea1\" rows=\"5\" class=\"input\"><\/textarea><\/div><\/div><div class=\"row kali-form-field-row\"><div class=\"col-12 col-md-7 \"><label  for=\"Remplissage\">Date de remplissage <span class=\"kali-required-mark\">*<\/span><\/label><input data-internal-id=\"date6\" type=\"date\" id=\"Remplissage\" name=\"Remplissage\"required readonly  class=\"input\"><\/div><\/div><div class=\"row kali-form-field-row\"><div class=\"col-12 col-md-12 \"><input  data-internal-id=\"submitbutton12\" type=\"submit\" id=\"submit\" data-style=\"default\"  class=\"input\" value=\"Envoyer \/ Submit\" ><\/div><\/div><!-- This form was built using Kali Forms --><\/form>\n","protected":false},"excerpt":{"rendered":"","protected":false},"author":1,"featured_media":0,"parent":0,"menu_order":0,"comment_status":"closed","ping_status":"closed","template":"","meta":{"_acf_changed":false,"footnotes":""},"class_list":["post-9250","page","type-page","status-publish","hentry"],"acf":[],"_links":{"self":[{"href":"https:\/\/elearning.nasla.cm\/index.php\/wp-json\/wp\/v2\/pages\/9250","targetHints":{"allow":["GET"]}}],"collection":[{"href":"https:\/\/elearning.nasla.cm\/index.php\/wp-json\/wp\/v2\/pages"}],"about":[{"href":"https:\/\/elearning.nasla.cm\/index.php\/wp-json\/wp\/v2\/types\/page"}],"author":[{"embeddable":true,"href":"https:\/\/elearning.nasla.cm\/index.php\/wp-json\/wp\/v2\/users\/1"}],"replies":[{"embeddable":true,"href":"https:\/\/elearning.nasla.cm\/index.php\/wp-json\/wp\/v2\/comments?post=9250"}],"version-history":[{"count":6,"href":"https:\/\/elearning.nasla.cm\/index.php\/wp-json\/wp\/v2\/pages\/9250\/revisions"}],"predecessor-version":[{"id":12091,"href":"https:\/\/elearning.nasla.cm\/index.php\/wp-json\/wp\/v2\/pages\/9250\/revisions\/12091"}],"wp:attachment":[{"href":"https:\/\/elearning.nasla.cm\/index.php\/wp-json\/wp\/v2\/media?parent=9250"}],"curies":[{"name":"wp","href":"https:\/\/api.w.org\/{rel}","templated":true}]}}